{"id":20197,"date":"2020-01-01T09:04:57","date_gmt":"2020-01-01T08:04:57","guid":{"rendered":"https:\/\/www.formy.be\/produit\/my-wondher-box-set-1\/"},"modified":"2026-02-24T08:18:30","modified_gmt":"2026-02-24T07:18:30","slug":"my-wondher-box-set-1","status":"publish","type":"product","link":"https:\/\/www.formy.be\/nl\/produit\/my-wondher-box-set-1\/","title":{"rendered":"My Wond&#8217;her box set #1"},"content":{"rendered":"<div class=\"wpb-content-wrapper\"><p>[vc_row css=&#8221;.vc_custom_1646820754650{padding-top: 75px !important;}&#8221;][vc_column offset=&#8221;vc_col-lg-offset-1 vc_col-lg-10&#8243;]<div id=\"advanced-tabs-desc-wrap-2845\" class=\"ult_tabs \" style=\" \" data-tabsstyle=\"style1\"\n data-titlebg=\"rgba(255,255,255,0.01)\" data-titlecolor=\"#000000\" data-fullheight=\"off\"\n data-titlehoverbg=\"rgba(255,255,255,0.01)\" data-titlehovercolor=\"#000000\"\n data-rotatetabs=\"0\" data-responsivemode=\"Both\" data-animation=\"Fade\"\ndata-activetitle=\"#000000\" data-activeicon=\"\" data-activebg=\"rgba(255,255,255,0.01)\"  data-respmode=\"Tabs\" data-respwidth=\"400\" data-scroll = \"on\" data-activeindex=\"1\"><ul id=advanced-tabs-wrap-7191 class=\"ult_tabmenu style1 \" style=\"\"><li class=\"ult_tab_li   \" data-iconcolor=\"#74777b\" data-iconhover=\"#ffffff\" style=\"background-color:rgba(255,255,255,0.01);border-color:transparent;border-width:0px;border-style:solid;border-top-right-radius:8px;\">\n\t\t\t\t\t<a href=\"#caracteristiques3493-efb55d4e-4fe9\" id=\"caracteristiques3493-efb55d4e-4fe9\" style=\"color:#000000;;  \" class=\"ult_a \">\n\t\t\t\t\t   <span class=\"ult_tab_main  Both \">\n\t\t\t\t\t    <span class=\"ult_tab_section\">\n\t\t\t\t\t  \t\t<span  data-ultimate-target='#advanced-tabs-wrap-7191 .ult-span-text'  data-responsive-json-new='{\"font-size\":\"desktop:16px;\",\"line-height\":\"\"}'  class=\"ult-span-text ult-responsive\" style=\"\">Kenmerken<\/span>\n\t\t\t\t\t\t   \t<span class=\"aio-icon none ult_tab_iconright\" style=\"color:#74777b;font-size:15px;\">\n\t\t\t\t\t\t   \t<i class=\"   ult_tab_icon\"  ><\/i>\n\t\t\t\t\t\t   <\/span>\n\t\t\t\t\t\t<\/span>\n\t\t\t\t\t   <\/span>\n\n\t\t\t\t\t<\/a>\n\t\t\t\t\t<\/li><\/ul><div  data-ultimate-target='#advanced-tabs-desc-wrap-2845 .ult_tabcontent .ult_tab_min_contain  p'  data-responsive-json-new='{\"font-size\":\"\",\"line-height\":\"\"}' class=\"ult_tabcontent ult-responsive style1\" style=\"color:#000000;\"><div class=\"ult_tab_min_contain \" >\n\t\t\t<div  class=\"ult_tabitemname\"  >\n\t\t\t\t[vc_column_text css=&#8221;&#8221;]<\/p>\n<h4>Originaliteit van het product<\/h4>\n<p>My Wond&#8217;her #1 box bevat 6 ongelooflijke items:<\/p>\n<p><a href=\"https:\/\/www.formy.be\/nl\/produit\/mijn-vaste-zeep\/\" target=\"_blank\" rel=\"noopener\">My cherry solid soap<\/a>: Ontdek mijn lichaams- en handzeep met biologische zoete amandel-, castor-, zonnebloemzaad- en jojobaolie. Een zeep zonder zeep die schuimt en je huid niet irriteert (96,5% van de ingredi\u00ebnten is van natuurlijke oorsprong).  <\/p>\n<p><a href=\"https:\/\/www.formy.be\/nl\/produit\/mijn-lichaamscreme\/\" target=\"_blank\" rel=\"noopener\">Mijn lichaamscr\u00e8me<\/a>: Mijn lichaamscr\u00e8me voedt en verwent je huid met haar kostbare oli\u00ebn. De romige en gulle textuur streelt je lichaam&#8230; zonder plakkerig te zijn! Mijn voedende bodycr\u00e8me is je beste troef voor zachtheid en hydratatie in de winter (98,9% ingredi\u00ebnten van natuurlijke oorsprong).<\/p>\n<p><a href=\"https:\/\/www.formy.be\/nl\/produit\/mijn-micellair-water\/\" target=\"_blank\" rel=\"noopener\">Mijn micellair water 250ml<\/a>: Mijn geparfumeerde micellair water is zeer natuurlijk. Ontworpen voor de normale huid, heeft mijn reinigingswater een licht schuimende werking. Voor een verfrissende, zachte huidverzorging (99,2% natuurlijke ingredi\u00ebnten).   <\/p>\n<p><a href=\"https:\/\/www.formy.be\/nl\/produit\/mijn-lippenbalsem\/\" target=\"_blank\" rel=\"noopener\">Mijn lippenbalsem<\/a>: ik wilde dat hij herstelt, hydrateert en voedt. Daarom heb ik het gemengd met sheaboter, bijenwas, arganolie, jojoba-olie en vitamine E-concentraat (100% natuurlijke ingredi\u00ebnten). <\/p>\n<p><a href=\"https:\/\/www.formy.be\/nl\/produit\/mijn-herbruikbare-katoen\/\" target=\"_blank\" rel=\"noopener\">Mijn herbruikbare make-up remover wattenschijfje<\/a>: Een zacht accessoire om make-up op een milieuvriendelijke manier te verwijderen. (10cm x 10cm) <\/p>\n<p><a href=\"https:\/\/www.formy.be\/nl\/produit\/mijn-hand-en-gezicht-vegen-af\/\" target=\"_blank\" rel=\"noopener\">Mijn handdoek voor handen en gezicht<\/a>: Deze roze handdoek is net zo zacht als mijn kusjes en hult je in zachtheid. Hij dient ook als kussen om te voorkomen dat je producten gaan schuiven. Dankzij deze handdoek gebruik ik geen karton meer (46cm x 30cm).   <\/p>\n<h4>Productformule<\/h4>\n<p>Voor ieders welzijn zijn mijn producten samengesteld zonder alcohol, parabenen of sulfaten. Het uitsluiten van deze ingredi\u00ebnten is essentieel om goed voor jezelf en de natuur te zorgen. <\/p>\n<p>Bovendien zijn geen van mijn producten getest op dieren.<\/p>\n<p>&nbsp;<\/p>\n<h4>Dozen voor uw bedrijf<\/h4>\n<p>Als je je personeel en klanten wilt bedanken met mijn geschenkdozen, heb ik ook een aantal mooie <a href=\"\/nl\/?page_id=18710\" target=\"_blank\" rel=\"noopener\">geschenkdozen voor bedrijven<\/a>![\/vc_column_text]\n\t\t\t<\/div><\/div><\/div><\/div><div class=\"ult_acord advanced-tabs-desc-wrap-2845\">\n   <div class=\"ult-tabto-accordion \" style=\"width:;\"\n    data-titlecolor=\"#000000\"  data-titlebg=\"rgba(255,255,255,0.01)\"\n     data-titlehoverbg=\"rgba(255,255,255,0.01)\" data-titlehovercolor=\"#000000\" data-animation=\"Fade\"\n     data-activetitle=\"#000000\" data-activeicon=\"\" data-activebg=\"rgba(255,255,255,0.01)\" data-scroll = \"on\" data-activeindex=\"1\" >\n     <dl><dt class=\"\">\n        \t<a class=\"ult-tabto-actitle withBorder ult_a\" id=\"caracteristiques3493-efb55d4e-4fe9\" style=\"color:#000000;;background-color:rgba(255,255,255,0.01);border-bottom-color:transparent;border-bottom-width:0px;border-bottom-style:solid;\" href=\"#caracteristiques3493-efb55d4e-4fe9\">\n        \t\t<i class=\"accordion-icon\"><\/i>\n        \t\t\t<span class=\"ult_tab_main ult_ac_mainBoth\">\n\t\t\t\t\t   <span  data-ultimate-target='#advanced-tabs-wrap-7191 .ult-span-text'  data-responsive-json-new='{\"font-size\":\"desktop:16px;\",\"line-height\":\"\"}'  class=\"ult-span-text ult_acordian-text ult-responsive\" style=\";color:inherit \" >Kenmerken<\/span>\n\t\t\t\t\t<\/span>\n\t\t\t\t\t   <div class=\"aio-icon none \" style=\"color:#74777b;font-size:15px;\" data-iconcolor=\"#74777b\" data-iconhover=\"#ffffff\">\n\t\t\t\t\t   <i class=\"    ult_tab_icon\"  ><\/i>\n\t\t\t\t\t   <\/div>\n\t\t\t\t\t<\/a><\/dt>\n            \t\t<dd class=\"ult-tabto-accordionItem ult-tabto-accolapsed\">\n\t\t\t            <div class=\"ult-tabto-acontent\" style=\"color:#000000;\">\n\t\t\t               [vc_column_text css=&#8221;&#8221;]<\/p>\n<h4>Originaliteit van het product<\/h4>\n<p>My Wond&#8217;her #1 box bevat 6 ongelooflijke items:<\/p>\n<p><a href=\"https:\/\/www.formy.be\/nl\/produit\/mijn-vaste-zeep\/\" target=\"_blank\" rel=\"noopener\">My cherry solid soap<\/a>: Ontdek mijn lichaams- en handzeep met biologische zoete amandel-, castor-, zonnebloemzaad- en jojobaolie. Een zeep zonder zeep die schuimt en je huid niet irriteert (96,5% van de ingredi\u00ebnten is van natuurlijke oorsprong).  <\/p>\n<p><a href=\"https:\/\/www.formy.be\/nl\/produit\/mijn-lichaamscreme\/\" target=\"_blank\" rel=\"noopener\">Mijn lichaamscr\u00e8me<\/a>: Mijn lichaamscr\u00e8me voedt en verwent je huid met haar kostbare oli\u00ebn. De romige en gulle textuur streelt je lichaam&#8230; zonder plakkerig te zijn! Mijn voedende bodycr\u00e8me is je beste troef voor zachtheid en hydratatie in de winter (98,9% ingredi\u00ebnten van natuurlijke oorsprong).<\/p>\n<p><a href=\"https:\/\/www.formy.be\/nl\/produit\/mijn-micellair-water\/\" target=\"_blank\" rel=\"noopener\">Mijn micellair water 250ml<\/a>: Mijn geparfumeerde micellair water is zeer natuurlijk. Ontworpen voor de normale huid, heeft mijn reinigingswater een licht schuimende werking. Voor een verfrissende, zachte huidverzorging (99,2% natuurlijke ingredi\u00ebnten).   <\/p>\n<p><a href=\"https:\/\/www.formy.be\/nl\/produit\/mijn-lippenbalsem\/\" target=\"_blank\" rel=\"noopener\">Mijn lippenbalsem<\/a>: ik wilde dat hij herstelt, hydrateert en voedt. Daarom heb ik het gemengd met sheaboter, bijenwas, arganolie, jojoba-olie en vitamine E-concentraat (100% natuurlijke ingredi\u00ebnten). <\/p>\n<p><a href=\"https:\/\/www.formy.be\/nl\/produit\/mijn-herbruikbare-katoen\/\" target=\"_blank\" rel=\"noopener\">Mijn herbruikbare make-up remover wattenschijfje<\/a>: Een zacht accessoire om make-up op een milieuvriendelijke manier te verwijderen. (10cm x 10cm) <\/p>\n<p><a href=\"https:\/\/www.formy.be\/nl\/produit\/mijn-hand-en-gezicht-vegen-af\/\" target=\"_blank\" rel=\"noopener\">Mijn handdoek voor handen en gezicht<\/a>: Deze roze handdoek is net zo zacht als mijn kusjes en hult je in zachtheid. Hij dient ook als kussen om te voorkomen dat je producten gaan schuiven. Dankzij deze handdoek gebruik ik geen karton meer (46cm x 30cm).   <\/p>\n<h4>Productformule<\/h4>\n<p>Voor ieders welzijn zijn mijn producten samengesteld zonder alcohol, parabenen of sulfaten. Het uitsluiten van deze ingredi\u00ebnten is essentieel om goed voor jezelf en de natuur te zorgen. <\/p>\n<p>Bovendien zijn geen van mijn producten getest op dieren.<\/p>\n<p>&nbsp;<\/p>\n<h4>Dozen voor uw bedrijf<\/h4>\n<p>Als je je personeel en klanten wilt bedanken met mijn geschenkdozen, heb ik ook een aantal mooie <a href=\"\/nl\/?page_id=18710\" target=\"_blank\" rel=\"noopener\">geschenkdozen voor bedrijven<\/a>![\/vc_column_text]\n\t\t\t            <\/div>\n        \t<\/dd>\n    \t<\/dl>\n    <!--<div class=\"extraborder\" style=\"background-color:rgba(255,255,255,0.01)\"><\/div>-->\n<\/div>\n\n<\/div>[\/vc_column][\/vc_row][vc_row bg_type=&#8221;bg_color&#8221; bg_override=&#8221;ex-full&#8221; css=&#8221;.vc_custom_1646043644753{padding-top: 50px !important;padding-bottom: 30px !important;}&#8221; bg_color_value=&#8221;#d3e6ed&#8221;][vc_column]<section id=\"benefits-grid-1\" class=\"benefits-grid wf-container icons-bg light-bg custom-hover-bg light-icon-color light-icon-hover-color\" data-width=\"130px\" data-columns=\"5\"><style type=\"text\/css\">#benefits-grid-1.icons-bg .benefits-grid-ico { height: 60px; line-height: 60px; width: 60px; }#benefits-grid-1.custom-hover-bg.icons-bg a.benefits-grid-ico:hover,\n\t\t\t\t\t\t#page #benefits-grid-1.custom-hover-bg.icons-bg a.benefits-grid-ico:hover { background: rgba(255,255,255,0.01); }#benefits-grid-1.icons-bg .benefits-grid-ico > i { font-size: 36px; line-height: 60px; }<\/style><div class=\"wf-cell\"><div><div class=\"text-big\"><div class=\"benefit-line-decoration\"><span class=\"benefits-grid-ico layzr-bg fadeIn animate-element\"><img loading=\"lazy\" decoding=\"async\" class=\"lazy-load\" src=\"data:image\/svg+xml;charset=utf-8,%3Csvg xmlns%3D&#039;http%3A%2F%2Fwww.w3.org%2F2000%2Fsvg&#039; viewBox%3D&#039;0 0 127 118&#039;%2F%3E\" width=\"127\" height=\"118\" alt=\"Gratis bezorging voor bestellingen boven \u00a325\" data-srcset=\"https:\/\/www.formy.be\/wp-content\/uploads\/2022\/02\/reassurance-5.png 127w\" data-src=\"https:\/\/www.formy.be\/wp-content\/uploads\/2022\/02\/reassurance-5.png\" \/><\/span><h6>Gratis bezorging voor bestellingen boven \u00a325<\/h6><\/div><\/div><\/div><\/div><div class=\"wf-cell\"><div><div class=\"text-big\"><div class=\"benefit-line-decoration\"><span class=\"benefits-grid-ico layzr-bg fadeIn animate-element\"><img loading=\"lazy\" decoding=\"async\" class=\"lazy-load\" src=\"data:image\/svg+xml;charset=utf-8,%3Csvg xmlns%3D&#039;http%3A%2F%2Fwww.w3.org%2F2000%2Fsvg&#039; viewBox%3D&#039;0 0 144 84&#039;%2F%3E\" width=\"144\" height=\"84\" alt=\"Snelle levering (3 tot 5 dagen)\" data-srcset=\"https:\/\/www.formy.be\/wp-content\/uploads\/2022\/02\/reassurance-4.png 144w\" data-src=\"https:\/\/www.formy.be\/wp-content\/uploads\/2022\/02\/reassurance-4.png\" \/><\/span><h6>Snelle levering (3 tot 5 dagen)<\/h6><\/div><\/div><\/div><\/div><div class=\"wf-cell\"><div><div class=\"text-big\"><div class=\"benefit-line-decoration\"><span class=\"benefits-grid-ico layzr-bg fadeIn animate-element\"><img loading=\"lazy\" decoding=\"async\" class=\"lazy-load\" src=\"data:image\/svg+xml;charset=utf-8,%3Csvg xmlns%3D&#039;http%3A%2F%2Fwww.w3.org%2F2000%2Fsvg&#039; viewBox%3D&#039;0 0 118 84&#039;%2F%3E\" width=\"118\" height=\"84\" alt=\"100% veilige betaling\" data-srcset=\"https:\/\/www.formy.be\/wp-content\/uploads\/2022\/02\/reassurance-3.png 118w\" data-src=\"https:\/\/www.formy.be\/wp-content\/uploads\/2022\/02\/reassurance-3.png\" \/><\/span><h6>100% veilige betaling<\/h6><\/div><\/div><\/div><\/div><div class=\"wf-cell\"><div><div class=\"text-big\"><div class=\"benefit-line-decoration\"><span class=\"benefits-grid-ico layzr-bg fadeIn animate-element\"><img loading=\"lazy\" decoding=\"async\" class=\"lazy-load\" src=\"data:image\/svg+xml;charset=utf-8,%3Csvg xmlns%3D&#039;http%3A%2F%2Fwww.w3.org%2F2000%2Fsvg&#039; viewBox%3D&#039;0 0 127 118&#039;%2F%3E\" width=\"127\" height=\"118\" alt=\"9 van de 10 mensen tevreden\" data-srcset=\"https:\/\/www.formy.be\/wp-content\/uploads\/2022\/02\/reassurance-6.png 127w\" data-src=\"https:\/\/www.formy.be\/wp-content\/uploads\/2022\/02\/reassurance-6.png\" \/><\/span><h6>9 van de 10 mensen tevreden<\/h6><\/div><\/div><\/div><\/div><div class=\"wf-cell\"><div><div class=\"text-big\"><div class=\"benefit-line-decoration\"><span class=\"benefits-grid-ico layzr-bg fadeIn animate-element\"><img loading=\"lazy\" decoding=\"async\" class=\"lazy-load\" src=\"data:image\/svg+xml;charset=utf-8,%3Csvg xmlns%3D&#039;http%3A%2F%2Fwww.w3.org%2F2000%2Fsvg&#039; viewBox%3D&#039;0 0 134 117&#039;%2F%3E\" width=\"134\" height=\"117\" alt=\"Bonusgeschenken en monsters\" data-srcset=\"https:\/\/www.formy.be\/wp-content\/uploads\/2022\/02\/reassurance-1.png 134w\" data-src=\"https:\/\/www.formy.be\/wp-content\/uploads\/2022\/02\/reassurance-1.png\" \/><\/span><h6>Bonusgeschenken en monsters<\/h6><\/div><\/div><\/div><\/div><\/section>[\/vc_column][\/vc_row][vc_row css=&#8221;.vc_custom_1646820795483{padding-top: 75px !important;}&#8221;][vc_column width=&#8221;1\/2&#8243;][vc_column_text css=&#8221;.vc_custom_1648048233993{margin-bottom: 15px !important;}&#8221;]<\/p>\n<h3><span style=\"font-weight: 500;\">Mijn klanten<\/span> zijn er dol op.<\/h3>\n<p>[\/vc_column_text][\/vc_column][\/vc_row]<\/p>\n<\/div>","protected":false},"excerpt":{"rendered":"<p style=\"text-transform: uppercase;\">voor alle supervrouwen<\/p>\n<div class=\"custom-more\">\n<p>Ik wil hulde brengen aan al deze alledaagse wondervrouwen!<\/p>\n<p>Ik draag deze fantastische geschenkdoos aan hen op.<\/p>\n<p>Mijn Wond&#8217;her #1 box bevat 6 van mijn favoriete producten, waaronder 2 exclusives. Een prachtig cadeau. <\/p>\n<p>Bovendien verwen ik je: mijn dozen zijn er alleen in grote formaten.<\/p>\n<ul>\n<li><img loading=\"lazy\" decoding=\"async\" class=\"alignnone wp-image-316\" src=\"https:\/\/formy.be\/wp-content\/uploads\/2022\/01\/ingredients-origine-naturelle.png\" alt=\"\" width=\"32\" height=\"32\">Ingredi\u00ebnten van natuurlijke oorsprong<\/li>\n<li><img loading=\"lazy\" decoding=\"async\" class=\"alignnone wp-image-317\" src=\"https:\/\/formy.be\/wp-content\/uploads\/2022\/01\/note-yuka.png\" alt=\"\" width=\"32\" height=\"32\">  Hoogste cijfers voor Yuka<\/li>\n<li><img loading=\"lazy\" decoding=\"async\" class=\"alignnone wp-image-315\" src=\"https:\/\/formy.be\/wp-content\/uploads\/2022\/01\/fabrique-en-belgique.png\" alt=\"\" width=\"32\" height=\"32\">  Producten gemaakt in Belgi\u00eb<\/li>\n<\/ul>\n<p><strong>Personaliseer je doos door de voornaam van de ontvanger toe te voegen, zoals op de foto hiernaast.<\/strong><\/p>\n<\/div>\n","protected":false},"featured_media":20210,"comment_status":"open","ping_status":"closed","template":"","meta":[],"product_brand":[],"product_cat":[86,89,81],"product_tag":[],"class_list":{"0":"post-20197","1":"product","2":"type-product","3":"status-publish","4":"has-post-thumbnail","6":"product_cat-box","7":"product_cat-geschenken","8":"product_cat-opruiming","9":"description-off","10":"wcpa_has_options","12":"first","13":"instock","14":"sale","15":"shipping-taxable","16":"purchasable","17":"product-type-simple"},"yoast_head":"<!-- This site is optimized with the Yoast SEO plugin v27.6 - https:\/\/yoast.com\/product\/yoast-seo-wordpress\/ -->\n<title>My Wond&#039;her box set #1 - Formy<\/title>\n<meta name=\"description\" content=\"Een Wond&#039;her #1 set voor de Wonder in jou. Bevat 6 natuurlijke huidverzorgingsproducten. Belgische, natuurlijke producten die voor jou en de natuur zorgen.\" \/>\n<meta name=\"robots\" content=\"index, follow, max-snippet:-1, max-image-preview:large, max-video-preview:-1\" \/>\n<link rel=\"canonical\" href=\"https:\/\/www.formy.be\/nl\/produit\/my-wondher-box-set-1\/\" \/>\n<meta property=\"og:locale\" content=\"nl_NL\" \/>\n<meta property=\"og:type\" content=\"article\" \/>\n<meta property=\"og:title\" content=\"My Wond&#039;her box set #1 - Formy\" \/>\n<meta property=\"og:description\" content=\"Een Wond&#039;her #1 set voor de Wonder in jou. Bevat 6 natuurlijke huidverzorgingsproducten. Belgische, natuurlijke producten die voor jou en de natuur zorgen.\" \/>\n<meta property=\"og:url\" content=\"https:\/\/www.formy.be\/nl\/produit\/my-wondher-box-set-1\/\" \/>\n<meta property=\"og:site_name\" content=\"Formy\" \/>\n<meta property=\"article:modified_time\" content=\"2026-02-24T07:18:30+00:00\" \/>\n<meta property=\"og:image\" content=\"https:\/\/www.formy.be\/wp-content\/uploads\/2023\/10\/FOR_Coffret-Web_ferme_800x985px.jpg\" \/>\n\t<meta property=\"og:image:width\" content=\"800\" \/>\n\t<meta property=\"og:image:height\" content=\"985\" \/>\n\t<meta property=\"og:image:type\" content=\"image\/jpeg\" \/>\n<meta name=\"twitter:card\" content=\"summary_large_image\" \/>\n<meta name=\"twitter:label1\" content=\"Geschatte leestijd\" \/>\n\t<meta name=\"twitter:data1\" content=\"2 minuten\" \/>\n<script type=\"application\/ld+json\" class=\"yoast-schema-graph\">{\"@context\":\"https:\\\/\\\/schema.org\",\"@graph\":[{\"@type\":\"WebPage\",\"@id\":\"https:\\\/\\\/www.formy.be\\\/nl\\\/produit\\\/my-wondher-box-set-1\\\/\",\"url\":\"https:\\\/\\\/www.formy.be\\\/nl\\\/produit\\\/my-wondher-box-set-1\\\/\",\"name\":\"My Wond'her box set #1 - Formy\",\"isPartOf\":{\"@id\":\"https:\\\/\\\/www.formy.be\\\/nl\\\/#website\"},\"primaryImageOfPage\":{\"@id\":\"https:\\\/\\\/www.formy.be\\\/nl\\\/produit\\\/my-wondher-box-set-1\\\/#primaryimage\"},\"image\":{\"@id\":\"https:\\\/\\\/www.formy.be\\\/nl\\\/produit\\\/my-wondher-box-set-1\\\/#primaryimage\"},\"thumbnailUrl\":\"https:\\\/\\\/www.formy.be\\\/wp-content\\\/uploads\\\/2023\\\/10\\\/FOR_Coffret-Web_ferme_800x985px.jpg\",\"datePublished\":\"2020-01-01T08:04:57+00:00\",\"dateModified\":\"2026-02-24T07:18:30+00:00\",\"description\":\"Een Wond'her #1 set voor de Wonder in jou. Bevat 6 natuurlijke huidverzorgingsproducten. Belgische, natuurlijke producten die voor jou en de natuur zorgen.\",\"breadcrumb\":{\"@id\":\"https:\\\/\\\/www.formy.be\\\/nl\\\/produit\\\/my-wondher-box-set-1\\\/#breadcrumb\"},\"inLanguage\":\"nl-NL\",\"potentialAction\":[{\"@type\":\"ReadAction\",\"target\":[\"https:\\\/\\\/www.formy.be\\\/nl\\\/produit\\\/my-wondher-box-set-1\\\/\"]}]},{\"@type\":\"ImageObject\",\"inLanguage\":\"nl-NL\",\"@id\":\"https:\\\/\\\/www.formy.be\\\/nl\\\/produit\\\/my-wondher-box-set-1\\\/#primaryimage\",\"url\":\"https:\\\/\\\/www.formy.be\\\/wp-content\\\/uploads\\\/2023\\\/10\\\/FOR_Coffret-Web_ferme_800x985px.jpg\",\"contentUrl\":\"https:\\\/\\\/www.formy.be\\\/wp-content\\\/uploads\\\/2023\\\/10\\\/FOR_Coffret-Web_ferme_800x985px.jpg\",\"width\":800,\"height\":985,\"caption\":\"Om al die alledaagse wondervrouwen te eren! Al die prachtige vrouwen om ons heen. Ik draag deze Wond'her #1 geschenkdoos aan hen op omdat ze geweldig zijn.\"},{\"@type\":\"BreadcrumbList\",\"@id\":\"https:\\\/\\\/www.formy.be\\\/nl\\\/produit\\\/my-wondher-box-set-1\\\/#breadcrumb\",\"itemListElement\":[{\"@type\":\"ListItem\",\"position\":1,\"name\":\"Accueil\",\"item\":\"https:\\\/\\\/www.formy.be\\\/nl\\\/\"},{\"@type\":\"ListItem\",\"position\":2,\"name\":\"Winkel op\",\"item\":\"https:\\\/\\\/www.formy.be\\\/nl\\\/winkel-op\\\/\"},{\"@type\":\"ListItem\",\"position\":3,\"name\":\"My Wond&rsquo;her box set #1\"}]},{\"@type\":\"WebSite\",\"@id\":\"https:\\\/\\\/www.formy.be\\\/nl\\\/#website\",\"url\":\"https:\\\/\\\/www.formy.be\\\/nl\\\/\",\"name\":\"Formy\",\"description\":\"\",\"potentialAction\":[{\"@type\":\"SearchAction\",\"target\":{\"@type\":\"EntryPoint\",\"urlTemplate\":\"https:\\\/\\\/www.formy.be\\\/nl\\\/?s={search_term_string}\"},\"query-input\":{\"@type\":\"PropertyValueSpecification\",\"valueRequired\":true,\"valueName\":\"search_term_string\"}}],\"inLanguage\":\"nl-NL\"}]}<\/script>\n<!-- \/ Yoast SEO plugin. -->","yoast_head_json":{"title":"My Wond'her box set #1 - Formy","description":"Een Wond'her #1 set voor de Wonder in jou. Bevat 6 natuurlijke huidverzorgingsproducten. Belgische, natuurlijke producten die voor jou en de natuur zorgen.","robots":{"index":"index","follow":"follow","max-snippet":"max-snippet:-1","max-image-preview":"max-image-preview:large","max-video-preview":"max-video-preview:-1"},"canonical":"https:\/\/www.formy.be\/nl\/produit\/my-wondher-box-set-1\/","og_locale":"nl_NL","og_type":"article","og_title":"My Wond'her box set #1 - Formy","og_description":"Een Wond'her #1 set voor de Wonder in jou. Bevat 6 natuurlijke huidverzorgingsproducten. Belgische, natuurlijke producten die voor jou en de natuur zorgen.","og_url":"https:\/\/www.formy.be\/nl\/produit\/my-wondher-box-set-1\/","og_site_name":"Formy","article_modified_time":"2026-02-24T07:18:30+00:00","og_image":[{"width":800,"height":985,"url":"https:\/\/www.formy.be\/wp-content\/uploads\/2023\/10\/FOR_Coffret-Web_ferme_800x985px.jpg","type":"image\/jpeg"}],"twitter_card":"summary_large_image","twitter_misc":{"Geschatte leestijd":"2 minuten"},"schema":{"@context":"https:\/\/schema.org","@graph":[{"@type":"WebPage","@id":"https:\/\/www.formy.be\/nl\/produit\/my-wondher-box-set-1\/","url":"https:\/\/www.formy.be\/nl\/produit\/my-wondher-box-set-1\/","name":"My Wond'her box set #1 - Formy","isPartOf":{"@id":"https:\/\/www.formy.be\/nl\/#website"},"primaryImageOfPage":{"@id":"https:\/\/www.formy.be\/nl\/produit\/my-wondher-box-set-1\/#primaryimage"},"image":{"@id":"https:\/\/www.formy.be\/nl\/produit\/my-wondher-box-set-1\/#primaryimage"},"thumbnailUrl":"https:\/\/www.formy.be\/wp-content\/uploads\/2023\/10\/FOR_Coffret-Web_ferme_800x985px.jpg","datePublished":"2020-01-01T08:04:57+00:00","dateModified":"2026-02-24T07:18:30+00:00","description":"Een Wond'her #1 set voor de Wonder in jou. Bevat 6 natuurlijke huidverzorgingsproducten. Belgische, natuurlijke producten die voor jou en de natuur zorgen.","breadcrumb":{"@id":"https:\/\/www.formy.be\/nl\/produit\/my-wondher-box-set-1\/#breadcrumb"},"inLanguage":"nl-NL","potentialAction":[{"@type":"ReadAction","target":["https:\/\/www.formy.be\/nl\/produit\/my-wondher-box-set-1\/"]}]},{"@type":"ImageObject","inLanguage":"nl-NL","@id":"https:\/\/www.formy.be\/nl\/produit\/my-wondher-box-set-1\/#primaryimage","url":"https:\/\/www.formy.be\/wp-content\/uploads\/2023\/10\/FOR_Coffret-Web_ferme_800x985px.jpg","contentUrl":"https:\/\/www.formy.be\/wp-content\/uploads\/2023\/10\/FOR_Coffret-Web_ferme_800x985px.jpg","width":800,"height":985,"caption":"Om al die alledaagse wondervrouwen te eren! Al die prachtige vrouwen om ons heen. Ik draag deze Wond'her #1 geschenkdoos aan hen op omdat ze geweldig zijn."},{"@type":"BreadcrumbList","@id":"https:\/\/www.formy.be\/nl\/produit\/my-wondher-box-set-1\/#breadcrumb","itemListElement":[{"@type":"ListItem","position":1,"name":"Accueil","item":"https:\/\/www.formy.be\/nl\/"},{"@type":"ListItem","position":2,"name":"Winkel op","item":"https:\/\/www.formy.be\/nl\/winkel-op\/"},{"@type":"ListItem","position":3,"name":"My Wond&rsquo;her box set #1"}]},{"@type":"WebSite","@id":"https:\/\/www.formy.be\/nl\/#website","url":"https:\/\/www.formy.be\/nl\/","name":"Formy","description":"","potentialAction":[{"@type":"SearchAction","target":{"@type":"EntryPoint","urlTemplate":"https:\/\/www.formy.be\/nl\/?s={search_term_string}"},"query-input":{"@type":"PropertyValueSpecification","valueRequired":true,"valueName":"search_term_string"}}],"inLanguage":"nl-NL"}]}},"_links":{"self":[{"href":"https:\/\/www.formy.be\/nl\/wp-json\/wp\/v2\/product\/20197","targetHints":{"allow":["GET"]}}],"collection":[{"href":"https:\/\/www.formy.be\/nl\/wp-json\/wp\/v2\/product"}],"about":[{"href":"https:\/\/www.formy.be\/nl\/wp-json\/wp\/v2\/types\/product"}],"replies":[{"embeddable":true,"href":"https:\/\/www.formy.be\/nl\/wp-json\/wp\/v2\/comments?post=20197"}],"wp:featuredmedia":[{"embeddable":true,"href":"https:\/\/www.formy.be\/nl\/wp-json\/wp\/v2\/media\/20210"}],"wp:attachment":[{"href":"https:\/\/www.formy.be\/nl\/wp-json\/wp\/v2\/media?parent=20197"}],"wp:term":[{"taxonomy":"product_brand","embeddable":true,"href":"https:\/\/www.formy.be\/nl\/wp-json\/wp\/v2\/product_brand?post=20197"},{"taxonomy":"product_cat","embeddable":true,"href":"https:\/\/www.formy.be\/nl\/wp-json\/wp\/v2\/product_cat?post=20197"},{"taxonomy":"product_tag","embeddable":true,"href":"https:\/\/www.formy.be\/nl\/wp-json\/wp\/v2\/product_tag?post=20197"}],"curies":[{"name":"wp","href":"https:\/\/api.w.org\/{rel}","templated":true}]}}