{"id":19918,"date":"2022-03-01T11:54:08","date_gmt":"2022-03-01T10:54:08","guid":{"rendered":"https:\/\/www.formy.be\/faq\/"},"modified":"2026-03-19T16:26:02","modified_gmt":"2026-03-19T15:26:02","slug":"faq","status":"publish","type":"page","link":"https:\/\/www.formy.be\/nl\/faq\/","title":{"rendered":"FAQ"},"content":{"rendered":"<div class=\"wpb-content-wrapper\"><p>[vc_row css=&#8221;.vc_custom_1651240272921{margin-top: 50px !important;margin-bottom: 60px !important;border-top-width: 1px !important;border-top-color: rgba(0,0,0,0.15) !important;border-top-style: solid !important;}&#8221;][vc_column width=&#8221;1\/3&#8243; css=&#8221;.vc_custom_1646146445744{padding-top: 10px !important;padding-left: 0px !important;}&#8221;][vc_column_text]<\/p>\n<h3>BESTELLINGEN<\/h3>\n<p>[\/vc_column_text][\/vc_column][vc_column width=&#8221;2\/3&#8243; css=&#8221;.vc_custom_1646146708002{padding-top: 0px !important;padding-right: 0px !important;padding-left: 0px !important;}&#8221;][vc_tta_accordion title_tag=&#8221;h4&#8243; style=&#8221;outline&#8221; shape=&#8221;square&#8221; color=&#8221;black&#8221; c_position=&#8221;right&#8221; active_section=&#8221;100&#8243; no_fill=&#8221;true&#8221; collapsible_all=&#8221;true&#8221;][vc_tta_section title=&#8221;Waar kan ik mijn bestelling laten bezorgen? (aan huis, in een afhaalpunt?)&#8221; tab_id=&#8221;qst1&#8243;][vc_column_text css=&#8221;.vc_custom_1773933049687{margin-bottom: 0px !important;}&#8221;]Ik bied u verschillende bezorgopties. Ik bezorg uw bestelling aan huis of in een afhaalpunt in Belgi\u00eb, Frankrijk en Luxemburg. Afhankelijk van het land van bestemming kunt u kiezen uit verschillende vervoerders.<\/p>\n<p>U kunt uw bestelling ook gratis afhalen in onze winkel C\u0153ur des Ateliers, Rue de Lonnoux 2 in 6880 Bertrix.[\/vc_column_text][\/vc_tta_section][vc_tta_section title=&#8221;Hoeveel bedragen de verzendkosten?&#8221; tab_id=&#8221;qst2&#8243;][vc_column_text css=&#8221;.vc_custom_1773933265576{margin-bottom: 0px !important;}&#8221;]U kunt uw bestelling gratis afhalen in onze winkel C\u0153ur des Ateliers, Rue de Lonnoux 2 in 6880 Bertrix.<\/p>\n<p>In Belgi\u00eb:<\/p>\n<ul>\n<li>Thuisbezorging met DPD: \u20ac\u00a0 5,99<\/li>\n<li>Afhalen bij een afhaalpunt met Mondial Relay: \u20ac\u00a0 3,55<\/li>\n<\/ul>\n<p>In Frankrijk:<\/p>\n<ul>\n<li>Thuisbezorging met DPD: \u20ac 10,36<\/li>\n<li>Afhalen bij een afhaalpunt met Mondial Relay: \u20ac\u00a0 6,38<\/li>\n<\/ul>\n<p>In het Groothertogdom Luxemburg:<\/p>\n<ul>\n<li>Thuisbezorging met DPD: \u20ac 7,70<\/li>\n<li>Afhalen bij een afhaalpunt met Mondial Relay: \u20ac 3,50<\/li>\n<\/ul>\n<p>In Duitsland:<\/p>\n<ul>\n<li>Thuisbezorging met DPD: \u20ac 9,40<\/li>\n<\/ul>\n<p>In Nederland:<\/p>\n<ul>\n<li>Afhalen bij een afhaalpunt met Mondial Relay: \u20ac 4,65<\/li>\n<li>Thuisbezorging met DPD: \u20ac 7,00<\/li>\n<\/ul>\n<p>De verzendkosten zijn gratis vanaf \u20ac 25 in Belgi\u00eb en \u20ac 40 in Frankrijk, Luxemburg, Duitsland en Nederland![\/vc_column_text][\/vc_tta_section][vc_tta_section title=&#8221;Hoe kan ik betalen als ik een bestelling plaats op de website?&#8221; tab_id=&#8221;qst3&#8243;][vc_column_text css=&#8221;.vc_custom_1773933301004{margin-bottom: 0px !important;}&#8221;]U kunt uw artikelen betalen met Bancontact, creditcard, Belfius Direct Net of bankoverschrijving.[\/vc_column_text][\/vc_tta_section][vc_tta_section title=&#8221;Hoelang duurt het om een FORMY-bestelling klaar te maken?&#8221; tab_id=&#8221;qst4&#8243;][vc_column_text css=&#8221;.vc_custom_1773933328340{margin-bottom: 0px !important;}&#8221;]Mijn team heeft ongeveer 15 minuten nodig om uw bestelling klaar te maken. Om uiteindelijk in uw badkamer te belanden, hebben we iets langer nodig:<\/p>\n<ul>\n<li>voor Belgi\u00eb: tussen 3 en 5 werkdagen<\/li>\n<li>voor Luxemburg: tussen 3 en 5 werkdagen<\/li>\n<li>voor Frankrijk: tussen 4 en 7 werkdagen<\/li>\n<\/ul>\n<p>[\/vc_column_text][\/vc_tta_section][vc_tta_section title=&#8221;Wat moet ik doen als er een probleem is met mijn bestelling?&#8221; tab_id=&#8221;qst5&#8243;][vc_column_text css=&#8221;.vc_custom_1773933393892{margin-bottom: 0px !important;}&#8221;]Hebt u een probleem met uw bestelling? Neem contact op met mijn team via <a href=\"mailto:hello@formy.be\">hello@formy.be<\/a>. Mijn team zal u zo goed mogelijk helpen.<\/p>\n<p>In mijn <a href=\"https:\/\/www.formy.be\/nl\/verkoopvoorwaarden\/\">Algemene Verkoopvoorwaarden<\/a> kunt u alvast lezen welke oplossingen ik voor uw probleem bied.[\/vc_column_text][\/vc_tta_section][vc_tta_section title=&#8221;Hoe staat het met mijn bestelling?&#8221; tab_id=&#8221;qst6&#8243;][vc_column_text css=&#8221;.vc_custom_1773933481685{margin-bottom: 0px !important;}&#8221;]Als je een probleem hebt met je bestelling, neem dan contact op met mijn team op <a href=\"mailto:hello@formy.be\" target=\"_blank\" rel=\"noopener\">hello@formy.be.<\/a> Mijn team zal zijn best doen om je te helpen.<\/p>\n<p>In mijn <a href=\"https:\/\/www.formy.be\/nl\/verkoopvoorwaarden\/\">Algemene Verkoopvoorwaarden<\/a> kun je lezen welke oplossingen ik kan bieden voor jouw probleem.<\/p>\n<p>Hebt u een probleem met uw bestelling? Neem contact op met mijn team via <a href=\"mailto:hello@formy.be\">hello@formy.be<\/a>. Mijn team zal u zo goed mogelijk helpen.<\/p>\n<p>In mijn Algemene Verkoopvoorwaarden kunt u alvast lezen welke oplossingen ik voor uw probleem bied.<\/p>\n<p>[\/vc_column_text][\/vc_tta_section][vc_tta_section title=&#8221;Kan ik in grote hoeveelheden bestellen? Ik leg graag een voorraadje aan!&#8221; tab_id=&#8221;qst7&#8243;][vc_column_text css=&#8221;.vc_custom_1773933515852{margin-bottom: 0px !important;}&#8221;]Wanneer u ten minste drie identieke producten bestelt via mijn webshop, krijgt u 10% korting op die artikelen. Geweldig, toch?<\/p>\n<p>Wilt u meer dan tien artikelen bestellen? Stuur me dan snel even een mailtje op <a href=\"mailto:hello@formy.be\">hello@formy.be<\/a>[\/vc_column_text][\/vc_tta_section][vc_tta_section title=&#8221;Ik maak superleuke stories en zou graag samenwerken met Formy. Wat moet ik doen?&#8221; tab_id=&#8221;qst8&#8243;][vc_column_text css=&#8221;.vc_custom_1773933539435{margin-bottom: 0px !important;}&#8221;]Geweldig! Dat zou ik wel eens willen zien. Zullen we anders eens afspreken? Stuur me een mailtje op het adres <a href=\"mailto:hello@formy.be\">hello@formy.be<\/a>[\/vc_column_text][\/vc_tta_section][vc_tta_section title=&#8221;Ik wil Formy graag verkopen&#8221; tab_id=&#8221;qst9&#8243;][vc_column_text css=&#8221;.vc_custom_1773933565091{margin-bottom: 0px !important;}&#8221;]Wat een geweldig idee! Ik zou heel graag mijn producten in uw winkel zien liggen. Stuur me snel een e-mail met alle details: <a href=\"mailto:hello@formy.be\">hello@formy.be<\/a>[\/vc_column_text][\/vc_tta_section][\/vc_tta_accordion][\/vc_column][\/vc_row][vc_row css=&#8221;.vc_custom_1651240272921{margin-top: 50px !important;margin-bottom: 60px !important;border-top-width: 1px !important;border-top-color: rgba(0,0,0,0.15) !important;border-top-style: solid !important;}&#8221;][vc_column width=&#8221;1\/3&#8243; css=&#8221;.vc_custom_1646146445744{padding-top: 10px !important;padding-left: 0px !important;}&#8221;][vc_column_text]<\/p>\n<h3>PRODUCTEN EN INGREDI\u00cbNTEN<\/h3>\n<p>[\/vc_column_text][\/vc_column][vc_column width=&#8221;2\/3&#8243; css=&#8221;.vc_custom_1646146708002{padding-top: 0px !important;padding-right: 0px !important;padding-left: 0px !important;}&#8221;][vc_tta_accordion title_tag=&#8221;h4&#8243; style=&#8221;outline&#8221; shape=&#8221;square&#8221; color=&#8221;black&#8221; c_position=&#8221;right&#8221; active_section=&#8221;100&#8243; no_fill=&#8221;true&#8221; collapsible_all=&#8221;true&#8221;][vc_tta_section title=&#8221;Wat is een actief bestanddeel?&#8221; tab_id=&#8221;1707483749854-b7f07da2-2eba&#8221;][vc_column_text css=&#8221;.vc_custom_1773933596281{margin-bottom: 0px !important;}&#8221;]Een actief bestanddeel heeft een specifieke werking om cosmeticaproducten doeltreffend en werkzaam te maken. Het zijn ingredi\u00ebnten die dankzij hun eigenschappen wonderen doen voor uw huid en haar.<\/p>\n<p>Een voorbeeld? Zoete amandelolie voedt en verzacht de huid.<\/p>\n<p>Op elke productpagina van mijn website vindt u alle gebruikte actieve bestanddelen en hun eigenschappen. U zult zien dat ik alleen de essenti\u00eble ingredi\u00ebnten gebruik! Niet te veel, niet te weinig, precies wat nodig is.[\/vc_column_text][\/vc_tta_section][vc_tta_section title=&#8221;Wat betekenen de Yuka- en INCI Beauty-scores?&#8221; tab_id=&#8221;1707483749884-400e61f4-00f4&#8243;][vc_column_text css=&#8221;.vc_custom_1773933617530{margin-bottom: 0px !important;}&#8221;]Yuka en INCI Beauty zijn twee mobiele apps waarmee u cosmeticaproducten kunt scannen om meer informatie te krijgen over de samenstelling en de impact ervan op uw gezondheid.<\/p>\n<p>Elk product krijgt een score op basis van de mogelijke of bewezen effecten van de bestanddelen op uw lichaam. Als een bestanddeel schadelijk is, verliest het punten! Deze apps helpen u de samenstelling van cosmetica te ontcijferen. Ongelooflijk, nietwaar?<\/p>\n<p>En hoe doet FORMY het? Goed nieuws! Ik gebruik in vrijwel al mijn formules minimaal 98% ingredi\u00ebnten van natuurlijke oorsprong. Mijn formules zijn zacht voor uw huid en goed voor uw gezondheid. Ik scoor dan ook uitstekend in deze apps.[\/vc_column_text][\/vc_tta_section][vc_tta_section title=&#8221;Wat is een allergeen in cosmetica?&#8221; tab_id=&#8221;1707483749915-45befda5-4f04&#8243;][vc_column_text css=&#8221;.vc_custom_1773933636108{margin-bottom: 0px !important;}&#8221;]Er zijn 26 cosmetische allergenen geregistreerd in Europa. Dit zijn stoffen die allergische reacties kunnen veroorzaken en waarvan de aanwezigheid aan de consument moet worden gemeld.[\/vc_column_text][\/vc_tta_section][vc_tta_section title=&#8221;Zitten er allergenen in de producten van FORMY?&#8221; tab_id=&#8221;1707483749960-46600eed-ecd3&#8243;][vc_column_text css=&#8221;.vc_custom_1773933673546{margin-bottom: 0px !important;}&#8221;]Zitten er allergenen in de producten van FORMY?<\/p>\n<p>Ik heb ervoor gekozen om de FORMY-producten licht te parfumeren. Mijn klanten vertellen me overigens vaak dat mijn producten zo lekker ruiken.<\/p>\n<p>Hoewel ik ze probeer te vermijden, kunnen er allergenen zitten in sommige parfums. Ik vermeld ze dan in mijn INCI-lijst. Neem eens een kijkje.<\/p>\n<p>Wilt u zeker weten dat uw huid niet reageert? Test het product dan in de holte van uw elleboog en wacht een paar minuten. Als u geen reactie krijgt (roodheid, jeuk\u2026), dan is dit product geschikt voor u![\/vc_column_text][\/vc_tta_section][vc_tta_section title=&#8221;Zijn jullie producten geschikt voor zwangere vrouwen en vrouwen die borstvoeding geven?&#8221; tab_id=&#8221;1707483750009-121ea16a-a243&#8243;][vc_column_text css=&#8221;.vc_custom_1773933691720{margin-bottom: 0px !important;}&#8221;]Ik heb geen specifieke tests uitgevoerd om te kunnen bevestigen dat mijn producten geschikt zijn voor zwangere vrouwen en vrouwen die borstvoeding geven. Maar het is goed om te weten dat mijn verzorgingsproducten voor bijna 100% bestaan uit ingredi\u00ebnten van natuurlijke oorsprong en geen essenti\u00eble oli\u00ebn bevatten.<\/p>\n<p>Ik raad zwangere vrouwen en vrouwen die borstvoeding geven echter af om mijn nachtcr\u00e8me en mijn vaste deodorant te gebruiken tijdens de zwangerschap of borstvoeding. Die twee producten bevatten namelijk allergenen en worden niet afgespoeld.[\/vc_column_text][\/vc_tta_section][vc_tta_section title=&#8221;Zijn de producten geschikt voor kinderen jonger dan drie jaar?&#8221; tab_id=&#8221;1707483750055-4c4705ab-35a4&#8243;][vc_column_text css=&#8221;.vc_custom_1773933713562{margin-bottom: 0px !important;}&#8221;]Om dat te kunnen bevestigen, had ik specifieke tests moeten uitvoeren, wat ik niet heb gedaan. Mijn producten, die voor bijna 100% bestaan uit ingredi\u00ebnten van natuurlijke oorsprong en geen essenti\u00eble oli\u00ebn bevatten, zijn goed voor de huid en voor de gezondheid.[\/vc_column_text][\/vc_tta_section][vc_tta_section title=&#8221;Zitten er hormoonverstorende stoffen in jullie formules?&#8221; tab_id=&#8221;1707483750107-931d5f2f-47af&#8221;][vc_column_text css=&#8221;.vc_custom_1773933730881{margin-bottom: 0px !important;}&#8221;]Voor mij staat uw gezondheid voorop! Ik wil u in de watten leggen. Dat doe ik met zorgvuldig samengestelde producten, zonder hormoonverstorende stoffen. Because, you are the one![\/vc_column_text][\/vc_tta_section][vc_tta_section title=&#8221;Wat is de houdbaarheid van jullie producten?&#8221; tab_id=&#8221;1707483750154-f10bd664-3c76&#8243;][vc_column_text css=&#8221;.vc_custom_1773933749401{margin-bottom: 0px !important;}&#8221;]De houdbaarheid van mijn producten staat vermeld op het etiket van elk product. In de cosmetica spreekt men van PAO (Period After Opening, periode na opening).<\/p>\n<p>Bij FORMY is de PAO doorgaans twaalf maanden.<\/p>\n<p>Maar ik durf te wedden dat u mijn producten zo leuk zult vinden dat u ze in minder dan twaalf maanden opgebruikt.[\/vc_column_text][\/vc_tta_section][vc_tta_section title=&#8221;Waar komen jullie grondstoffen vandaan?&#8221; tab_id=&#8221;1707483750207-8c44dadd-5bfe&#8221;][vc_column_text css=&#8221;.vc_custom_1773933768248{margin-bottom: 0px !important;}&#8221;]Al mijn leveranciers zijn gevestigd in Europa. Ik geef de voorkeur aan partners die geografisch dichtbij zijn om mijn ecologische voetafdruk te verkleinen. Maar dat is niet mijn enige selectiecriterium; ik kies hen ook op basis van hun waarden!<\/p>\n<p>Zo steun ik bedrijven met een engagement, net als FORMY. U kunt op mij rekenen voor een verantwoorde werkwijze![\/vc_column_text][\/vc_tta_section][vc_tta_section title=&#8221;Worden jullie producten op dieren getest?&#8221; tab_id=&#8221;1707484433608-596c7fc5-080a&#8221;][vc_column_text css=&#8221;&#8221;]Worden jullie producten op dieren getest?<\/p>\n<p>Maakt u een grapje? Natuurlijk test ik mijn producten niet op dieren! Dat druist in tegen mijn waarden. Ik verwen mijn klanten maar al die schattige en lieve dieren verwens ik uiteraard niet!<\/p>\n<p>Wist u trouwens dat dit sinds 2005 in Belgi\u00eb en sinds 2013 in heel Europa verboden is?[\/vc_column_text][\/vc_tta_section][\/vc_tta_accordion][\/vc_column][\/vc_row][vc_row css=&#8221;.vc_custom_1651240272921{margin-top: 50px !important;margin-bottom: 60px !important;border-top-width: 1px !important;border-top-color: rgba(0,0,0,0.15) !important;border-top-style: solid !important;}&#8221;][vc_column width=&#8221;1\/3&#8243; css=&#8221;.vc_custom_1646146445744{padding-top: 10px !important;padding-left: 0px !important;}&#8221;][vc_column_text]<\/p>\n<h3>NATUURLIJKE PRODUCTEN<\/h3>\n<p>[\/vc_column_text][\/vc_column][vc_column width=&#8221;2\/3&#8243; css=&#8221;.vc_custom_1646146708002{padding-top: 0px !important;padding-right: 0px !important;padding-left: 0px !important;}&#8221;][vc_tta_accordion title_tag=&#8221;h4&#8243; style=&#8221;outline&#8221; shape=&#8221;square&#8221; color=&#8221;black&#8221; c_position=&#8221;right&#8221; active_section=&#8221;100&#8243; no_fill=&#8221;true&#8221; collapsible_all=&#8221;true&#8221;][vc_tta_section title=&#8221;Wat is het verschil tussen biologisch en natuurlijk?&#8221; tab_id=&#8221;1707484482503-ddc6dc28-f7cb&#8221;][vc_column_text css=&#8221;.vc_custom_1773933889536{margin-bottom: 0px !important;}&#8221;]Biologische cosmetica is onderworpen aan strenge regels, strenger dan die voor natuurlijke producten. Natuurlijke cosmetica moet ten minste 90% natuurlijke ingredi\u00ebnten bevatten.<\/p>\n<p>Bij FORMY selecteren we onze ingredi\u00ebnten zorgvuldig. Bijna het hele assortiment bevat minimaal 98% ingredi\u00ebnten van natuurlijke oorsprong. We hebben ervoor gekozen om geen keurmerk te gebruiken, wat ons er niet van weerhoudt om ook vegan, biologische en Cosmos-gecertificeerde ingredi\u00ebnten te gebruiken. Wat primeert? De kwaliteit van mijn ingredi\u00ebnten.<\/p>\n<p>Op de productpagina\u2019s vertel ik u alles over de <a href=\"https:\/\/www.formy.be\/nl\/hoe-kies-ik-de-ingredienten-voor-mijn-cosmetica-christelle-vertelt-je-er-alles-over\/\">herkomst van mijn ingredi\u00ebnten<\/a>. U kunt op mij rekenen voor hoogwaardige ingredi\u00ebnten die mild zijn voor de huid en het milieu.[\/vc_column_text][\/vc_tta_section][vc_tta_section title=&#8221;Ruikt natuurlijke cosmetica echt zo onaangenaam?&#8221; tab_id=&#8221;1707484482564-029db2e8-6100&#8243;][vc_column_text css=&#8221;.vc_custom_1773933913590{margin-bottom: 0px !important;}&#8221;]Dat is een misvatting. Veel cosmeticamerken bieden natuurlijke producten met een aangename geur.<\/p>\n<p>In mijn assortiment heb ik een klein beetje parfum toegevoegd voor een optimale ervaring. Ik denk vooral aan uw comfort en uw plezier bij het gebruik van mijn producten. You are the one!<\/p>\n<p>Jessica vertelt u hier meer over de parfums in mijn assortiment.[\/vc_column_text][\/vc_tta_section][vc_tta_section title=&#8221;Natuurlijke cosmetica, dat schuimt toch niet?&#8221; tab_id=&#8221;1707484482624-e305038e-8aa8&#8243;][vc_column_text css=&#8221;.vc_custom_1773933938703{margin-bottom: 0px !important;}&#8221;]Natuurlijke cosmetica schuimt minder dan conventionele cosmetica omdat de oppervlakteactieve stoffen (schuimmiddelen) van natuurlijke oorsprong zijn, mild en zonder sulfaten. Voor de natuurlijke producten van FORMY heb ik ervoor gezorgd dat mijn douchegels en shampoos wel schuimen!<\/p>\n<p>Psst, even tussen ons gezegd: schuim zegt niets over de doeltreffendheid.[\/vc_column_text][\/vc_tta_section][vc_tta_section title=&#8221;Wat houdt de overstap naar natuurlijke cosmetica in?&#8221; tab_id=&#8221;1707484482674-126adb2f-ce44&#8243;][vc_column_text css=&#8221;.vc_custom_1773933956365{margin-bottom: 0px !important;}&#8221;]Het is mogelijk dat uw huid en haar wat tijd nodig hebben om aan de natuurlijke producten te wennen. Inderdaad, alleen maar natuurlijke ingredi\u00ebnten die goed zijn voor uw huid en voor het milieu.<\/p>\n<p>Ik raad u aan de producten minstens 15 dagen te gebruiken voordat u de voordelen van deze nieuwe routines kunt beoordelen.[\/vc_column_text][\/vc_tta_section][\/vc_tta_accordion][\/vc_column][\/vc_row]<\/p>\n<\/div>","protected":false},"excerpt":{"rendered":"<p>[vc_row css=&#8221;.vc_custom_1651240272921{margin-top: 50px !important;margin-bottom: 60px !important;border-top-width: 1px !important;border-top-color: rgba(0,0,0,0.15) !important;border-top-style: solid !important;}&#8221;][vc_column width=&#8221;1\/3&#8243; css=&#8221;.vc_custom_1646146445744{padding-top: 10px !important;padding-left: 0px !important;}&#8221;][vc_column_text] BESTELLINGEN [\/vc_column_text][\/vc_column][vc_column width=&#8221;2\/3&#8243; css=&#8221;.vc_custom_1646146708002{padding-top: 0px !important;padding-right: 0px !important;padding-left: 0px !important;}&#8221;][vc_tta_accordion title_tag=&#8221;h4&#8243; style=&#8221;outline&#8221; shape=&#8221;square&#8221; color=&#8221;black&#8221; c_position=&#8221;right&#8221; active_section=&#8221;100&#8243; no_fill=&#8221;true&#8221; collapsible_all=&#8221;true&#8221;][vc_tta_section title=&#8221;Waar kan ik mijn bestelling laten bezorgen? (aan huis, in een afhaalpunt?)&#8221; tab_id=&#8221;qst1&#8243;][vc_column_text css=&#8221;.vc_custom_1773933049687{margin-bottom: 0px !important;}&#8221;]Ik bied u verschillende&hellip;<\/p>\n","protected":false},"author":1,"featured_media":18932,"parent":0,"menu_order":6,"comment_status":"closed","ping_status":"closed","template":"","meta":{"footnotes":""},"class_list":["post-19918","page","type-page","status-publish","has-post-thumbnail","hentry","description-off"],"yoast_head":"<!-- This site is optimized with the Yoast SEO plugin v27.6 - https:\/\/yoast.com\/product\/yoast-seo-wordpress\/ -->\n<title>FAQ - Formy<\/title>\n<meta name=\"description\" content=\"Heb je een vraag over mijn natuurlijke cosmetica? Wat zijn de ingredi\u00ebnten van mijn producten? Hoe plaats ik een bestelling?\" \/>\n<meta name=\"robots\" content=\"index, follow, max-snippet:-1, max-image-preview:large, max-video-preview:-1\" \/>\n<link rel=\"canonical\" href=\"https:\/\/www.formy.be\/nl\/faq\/\" \/>\n<meta property=\"og:locale\" content=\"nl_NL\" \/>\n<meta property=\"og:type\" content=\"article\" \/>\n<meta property=\"og:title\" content=\"FAQ - Formy\" \/>\n<meta property=\"og:description\" content=\"Heb je een vraag over mijn natuurlijke cosmetica? Wat zijn de ingredi\u00ebnten van mijn producten? Hoe plaats ik een bestelling?\" \/>\n<meta property=\"og:url\" content=\"https:\/\/www.formy.be\/nl\/faq\/\" \/>\n<meta property=\"og:site_name\" content=\"Formy\" \/>\n<meta property=\"article:modified_time\" content=\"2026-03-19T15:26:02+00:00\" \/>\n<meta property=\"og:image\" content=\"https:\/\/www.formy.be\/wp-content\/uploads\/2022\/01\/5_Lait-corps_Lifestyle.jpg\" \/>\n\t<meta property=\"og:image:width\" content=\"799\" \/>\n\t<meta property=\"og:image:height\" content=\"985\" \/>\n\t<meta property=\"og:image:type\" content=\"image\/jpeg\" \/>\n<meta name=\"twitter:card\" content=\"summary_large_image\" \/>\n<meta name=\"twitter:label1\" content=\"Geschatte leestijd\" \/>\n\t<meta name=\"twitter:data1\" content=\"9 minuten\" \/>\n<script type=\"application\/ld+json\" class=\"yoast-schema-graph\">{\"@context\":\"https:\\\/\\\/schema.org\",\"@graph\":[{\"@type\":\"WebPage\",\"@id\":\"https:\\\/\\\/www.formy.be\\\/nl\\\/faq\\\/\",\"url\":\"https:\\\/\\\/www.formy.be\\\/nl\\\/faq\\\/\",\"name\":\"FAQ - Formy\",\"isPartOf\":{\"@id\":\"https:\\\/\\\/www.formy.be\\\/nl\\\/#website\"},\"primaryImageOfPage\":{\"@id\":\"https:\\\/\\\/www.formy.be\\\/nl\\\/faq\\\/#primaryimage\"},\"image\":{\"@id\":\"https:\\\/\\\/www.formy.be\\\/nl\\\/faq\\\/#primaryimage\"},\"thumbnailUrl\":\"https:\\\/\\\/www.formy.be\\\/wp-content\\\/uploads\\\/2022\\\/01\\\/5_Lait-corps_Lifestyle.jpg\",\"datePublished\":\"2022-03-01T10:54:08+00:00\",\"dateModified\":\"2026-03-19T15:26:02+00:00\",\"description\":\"Heb je een vraag over mijn natuurlijke cosmetica? Wat zijn de ingredi\u00ebnten van mijn producten? Hoe plaats ik een bestelling?\",\"breadcrumb\":{\"@id\":\"https:\\\/\\\/www.formy.be\\\/nl\\\/faq\\\/#breadcrumb\"},\"inLanguage\":\"nl-NL\",\"potentialAction\":[{\"@type\":\"ReadAction\",\"target\":[\"https:\\\/\\\/www.formy.be\\\/nl\\\/faq\\\/\"]}]},{\"@type\":\"ImageObject\",\"inLanguage\":\"nl-NL\",\"@id\":\"https:\\\/\\\/www.formy.be\\\/nl\\\/faq\\\/#primaryimage\",\"url\":\"https:\\\/\\\/www.formy.be\\\/wp-content\\\/uploads\\\/2022\\\/01\\\/5_Lait-corps_Lifestyle.jpg\",\"contentUrl\":\"https:\\\/\\\/www.formy.be\\\/wp-content\\\/uploads\\\/2022\\\/01\\\/5_Lait-corps_Lifestyle.jpg\",\"width\":799,\"height\":985,\"caption\":\"Mijn bodylotion is speciaal ontwikkeld om je huid te hydrateren zonder een vettig laagje achter te laten.\"},{\"@type\":\"BreadcrumbList\",\"@id\":\"https:\\\/\\\/www.formy.be\\\/nl\\\/faq\\\/#breadcrumb\",\"itemListElement\":[{\"@type\":\"ListItem\",\"position\":1,\"name\":\"Accueil\",\"item\":\"https:\\\/\\\/www.formy.be\\\/nl\\\/\"},{\"@type\":\"ListItem\",\"position\":2,\"name\":\"FAQ\"}]},{\"@type\":\"WebSite\",\"@id\":\"https:\\\/\\\/www.formy.be\\\/nl\\\/#website\",\"url\":\"https:\\\/\\\/www.formy.be\\\/nl\\\/\",\"name\":\"Formy\",\"description\":\"\",\"potentialAction\":[{\"@type\":\"SearchAction\",\"target\":{\"@type\":\"EntryPoint\",\"urlTemplate\":\"https:\\\/\\\/www.formy.be\\\/nl\\\/?s={search_term_string}\"},\"query-input\":{\"@type\":\"PropertyValueSpecification\",\"valueRequired\":true,\"valueName\":\"search_term_string\"}}],\"inLanguage\":\"nl-NL\"}]}<\/script>\n<!-- \/ Yoast SEO plugin. -->","yoast_head_json":{"title":"FAQ - Formy","description":"Heb je een vraag over mijn natuurlijke cosmetica? Wat zijn de ingredi\u00ebnten van mijn producten? Hoe plaats ik een bestelling?","robots":{"index":"index","follow":"follow","max-snippet":"max-snippet:-1","max-image-preview":"max-image-preview:large","max-video-preview":"max-video-preview:-1"},"canonical":"https:\/\/www.formy.be\/nl\/faq\/","og_locale":"nl_NL","og_type":"article","og_title":"FAQ - Formy","og_description":"Heb je een vraag over mijn natuurlijke cosmetica? Wat zijn de ingredi\u00ebnten van mijn producten? Hoe plaats ik een bestelling?","og_url":"https:\/\/www.formy.be\/nl\/faq\/","og_site_name":"Formy","article_modified_time":"2026-03-19T15:26:02+00:00","og_image":[{"width":799,"height":985,"url":"https:\/\/www.formy.be\/wp-content\/uploads\/2022\/01\/5_Lait-corps_Lifestyle.jpg","type":"image\/jpeg"}],"twitter_card":"summary_large_image","twitter_misc":{"Geschatte leestijd":"9 minuten"},"schema":{"@context":"https:\/\/schema.org","@graph":[{"@type":"WebPage","@id":"https:\/\/www.formy.be\/nl\/faq\/","url":"https:\/\/www.formy.be\/nl\/faq\/","name":"FAQ - Formy","isPartOf":{"@id":"https:\/\/www.formy.be\/nl\/#website"},"primaryImageOfPage":{"@id":"https:\/\/www.formy.be\/nl\/faq\/#primaryimage"},"image":{"@id":"https:\/\/www.formy.be\/nl\/faq\/#primaryimage"},"thumbnailUrl":"https:\/\/www.formy.be\/wp-content\/uploads\/2022\/01\/5_Lait-corps_Lifestyle.jpg","datePublished":"2022-03-01T10:54:08+00:00","dateModified":"2026-03-19T15:26:02+00:00","description":"Heb je een vraag over mijn natuurlijke cosmetica? Wat zijn de ingredi\u00ebnten van mijn producten? Hoe plaats ik een bestelling?","breadcrumb":{"@id":"https:\/\/www.formy.be\/nl\/faq\/#breadcrumb"},"inLanguage":"nl-NL","potentialAction":[{"@type":"ReadAction","target":["https:\/\/www.formy.be\/nl\/faq\/"]}]},{"@type":"ImageObject","inLanguage":"nl-NL","@id":"https:\/\/www.formy.be\/nl\/faq\/#primaryimage","url":"https:\/\/www.formy.be\/wp-content\/uploads\/2022\/01\/5_Lait-corps_Lifestyle.jpg","contentUrl":"https:\/\/www.formy.be\/wp-content\/uploads\/2022\/01\/5_Lait-corps_Lifestyle.jpg","width":799,"height":985,"caption":"Mijn bodylotion is speciaal ontwikkeld om je huid te hydrateren zonder een vettig laagje achter te laten."},{"@type":"BreadcrumbList","@id":"https:\/\/www.formy.be\/nl\/faq\/#breadcrumb","itemListElement":[{"@type":"ListItem","position":1,"name":"Accueil","item":"https:\/\/www.formy.be\/nl\/"},{"@type":"ListItem","position":2,"name":"FAQ"}]},{"@type":"WebSite","@id":"https:\/\/www.formy.be\/nl\/#website","url":"https:\/\/www.formy.be\/nl\/","name":"Formy","description":"","potentialAction":[{"@type":"SearchAction","target":{"@type":"EntryPoint","urlTemplate":"https:\/\/www.formy.be\/nl\/?s={search_term_string}"},"query-input":{"@type":"PropertyValueSpecification","valueRequired":true,"valueName":"search_term_string"}}],"inLanguage":"nl-NL"}]}},"_links":{"self":[{"href":"https:\/\/www.formy.be\/nl\/wp-json\/wp\/v2\/pages\/19918","targetHints":{"allow":["GET"]}}],"collection":[{"href":"https:\/\/www.formy.be\/nl\/wp-json\/wp\/v2\/pages"}],"about":[{"href":"https:\/\/www.formy.be\/nl\/wp-json\/wp\/v2\/types\/page"}],"author":[{"embeddable":true,"href":"https:\/\/www.formy.be\/nl\/wp-json\/wp\/v2\/users\/1"}],"replies":[{"embeddable":true,"href":"https:\/\/www.formy.be\/nl\/wp-json\/wp\/v2\/comments?post=19918"}],"version-history":[{"count":3,"href":"https:\/\/www.formy.be\/nl\/wp-json\/wp\/v2\/pages\/19918\/revisions"}],"predecessor-version":[{"id":21786,"href":"https:\/\/www.formy.be\/nl\/wp-json\/wp\/v2\/pages\/19918\/revisions\/21786"}],"wp:featuredmedia":[{"embeddable":true,"href":"https:\/\/www.formy.be\/nl\/wp-json\/wp\/v2\/media\/18932"}],"wp:attachment":[{"href":"https:\/\/www.formy.be\/nl\/wp-json\/wp\/v2\/media?parent=19918"}],"curies":[{"name":"wp","href":"https:\/\/api.w.org\/{rel}","templated":true}]}}